{"id":12312,"date":"2025-04-22T21:43:04","date_gmt":"2025-04-22T21:43:04","guid":{"rendered":"https:\/\/usa.emmirmilano.com\/product\/toscana-2\/"},"modified":"2025-07-03T21:41:12","modified_gmt":"2025-07-03T21:41:12","slug":"toscana-2","status":"publish","type":"product","link":"https:\/\/usa.emmirmilano.com\/es\/producto\/toscana-2\/","title":{"rendered":"TOSCANA"},"content":{"rendered":"\t\t<div data-elementor-type=\"product-post\" data-elementor-id=\"12312\" class=\"elementor elementor-12312 elementor-10759\" data-elementor-post-type=\"product\">\n\t\t\t\t<div class=\"elementor-element elementor-element-14e987f e-flex e-con-boxed e-con e-parent\" data-id=\"14e987f\" data-element_type=\"container\">\n\t\t\t\t\t<div class=\"e-con-inner\">\n\t\t\t\t<div class=\"elementor-element elementor-element-b571742 elementor-widget elementor-widget-text-editor\" data-id=\"b571742\" data-element_type=\"widget\" data-widget_type=\"text-editor.default\">\n\t\t\t\t<div class=\"elementor-widget-container\">\n\t\t\t\t\t\t\t\t\t<div class=\"ewa-rteLine\">\n\n<span style=\"color: #ffffff;\">Este perfume capta la esencia de la hermosa regi\u00f3n de Toscana, en el centro de Italia. Conocida por sus ondulantes colinas, sus vi\u00f1edos, su rica historia y su arte renacentista, Toscana es un verdadero tesoro italiano. Esta fragancia evoca la elegancia natural, la calidez y la serenidad que caracterizan a esta regi\u00f3n.<\/span>\n\n<span style=\"color: #ffffff;\">Toscana tiene una personalidad oriental amaderada que muestra la magia de una regi\u00f3n que valora su elegancia, vitalidad y la armon\u00eda de sus paisajes.<\/span>\n\n<\/div>\n<div><span style=\"color: #ffffff;\"><strong>50 ml<\/strong><\/span><\/div>\t\t\t\t\t\t\t\t<\/div>\n\t\t\t\t<\/div>\n\t\t\t\t\t<\/div>\n\t\t\t\t<\/div>\n\t\t<div class=\"elementor-element elementor-element-2e23c7a e-flex e-con-boxed e-con e-parent\" data-id=\"2e23c7a\" data-element_type=\"container\">\n\t\t\t\t\t<div class=\"e-con-inner\">\n\t\t\t\t<div class=\"elementor-element elementor-element-c9203f3 elementor-widget elementor-widget-button\" data-id=\"c9203f3\" data-element_type=\"widget\" data-widget_type=\"button.default\">\n\t\t\t\t<div class=\"elementor-widget-container\">\n\t\t\t\t\t\t\t\t\t<div class=\"elementor-button-wrapper\">\n\t\t\t\t\t<a class=\"elementor-button elementor-button-link elementor-size-sm\" href=\"https:\/\/usa.emmirmilano.com\/?add-to-cart=10759&#038;quantity=1\">\n\t\t\t\t\t\t<span class=\"elementor-button-content-wrapper\">\n\t\t\t\t\t\t\t\t\t<span class=\"elementor-button-text\">Haz tu pedido<\/span>\n\t\t\t\t\t<\/span>\n\t\t\t\t\t<\/a>\n\t\t\t\t<\/div>\n\t\t\t\t\t\t\t\t<\/div>\n\t\t\t\t<\/div>\n\t\t\t\t\t<\/div>\n\t\t\t\t<\/div>\n\t\t\t\t<\/div>\n\t\t","protected":false},"excerpt":{"rendered":"<p>Este perfume capta la esencia de la hermosa regi\u00f3n de la Toscana, en el coraz\u00f3n de Italia. Conocida por sus ondulantes colinas, sus vi\u00f1edos, su rica historia y su arte renacentista, la Toscana es un verdadero tesoro italiano. Esta fragancia evoca la elegancia natural, la calidez y la serenidad que definen esta extraordinaria regi\u00f3n.<\/p>\n","protected":false},"featured_media":11628,"template":"","meta":[],"product_brand":[],"product_cat":[146],"product_tag":[],"class_list":{"0":"post-12312","1":"product","2":"type-product","3":"status-publish","4":"has-post-thumbnail","6":"product_cat-aroma-oriental-amaderado","8":"first","9":"instock","10":"shipping-taxable","11":"purchasable","12":"product-type-simple"},"_links":{"self":[{"href":"https:\/\/usa.emmirmilano.com\/es\/wp-json\/wp\/v2\/product\/12312","targetHints":{"allow":["GET"]}}],"collection":[{"href":"https:\/\/usa.emmirmilano.com\/es\/wp-json\/wp\/v2\/product"}],"about":[{"href":"https:\/\/usa.emmirmilano.com\/es\/wp-json\/wp\/v2\/types\/product"}],"version-history":[{"count":0,"href":"https:\/\/usa.emmirmilano.com\/es\/wp-json\/wp\/v2\/product\/12312\/revisions"}],"wp:featuredmedia":[{"embeddable":true,"href":"https:\/\/usa.emmirmilano.com\/es\/wp-json\/wp\/v2\/media\/11628"}],"wp:attachment":[{"href":"https:\/\/usa.emmirmilano.com\/es\/wp-json\/wp\/v2\/media?parent=12312"}],"wp:term":[{"taxonomy":"product_brand","embeddable":true,"href":"https:\/\/usa.emmirmilano.com\/es\/wp-json\/wp\/v2\/product_brand?post=12312"},{"taxonomy":"product_cat","embeddable":true,"href":"https:\/\/usa.emmirmilano.com\/es\/wp-json\/wp\/v2\/product_cat?post=12312"},{"taxonomy":"product_tag","embeddable":true,"href":"https:\/\/usa.emmirmilano.com\/es\/wp-json\/wp\/v2\/product_tag?post=12312"}],"curies":[{"name":"wp","href":"https:\/\/api.w.org\/{rel}","templated":true}]}}