{"id":12314,"date":"2025-04-22T21:39:40","date_gmt":"2025-04-22T21:39:40","guid":{"rendered":"https:\/\/usa.emmirmilano.com\/product\/napoli\/"},"modified":"2025-05-13T13:30:00","modified_gmt":"2025-05-13T13:30:00","slug":"napoli","status":"publish","type":"product","link":"https:\/\/usa.emmirmilano.com\/es\/producto\/napoli\/","title":{"rendered":"NAPOLI"},"content":{"rendered":"\t\t<div data-elementor-type=\"product-post\" data-elementor-id=\"12314\" class=\"elementor elementor-12314 elementor-10754\" data-elementor-post-type=\"product\">\n\t\t\t\t<div class=\"elementor-element elementor-element-327aca24 e-flex e-con-boxed e-con e-parent\" data-id=\"327aca24\" data-element_type=\"container\">\n\t\t\t\t\t<div class=\"e-con-inner\">\n\t\t\t\t<div class=\"elementor-element elementor-element-3e6f6d0d elementor-widget elementor-widget-text-editor\" data-id=\"3e6f6d0d\" data-element_type=\"widget\" data-widget_type=\"text-editor.default\">\n\t\t\t\t<div class=\"elementor-widget-container\">\n\t\t\t\t\t\t\t\t\t\n<p>N\u00e1poles tiene una personalidad afrutada y floral que simboliza la esencia reconfortante y en\u00e9rgica de la ciudad.<\/p>\n\n\n\n<p>50 ML<\/p>\n\n\n\n<ul class=\"wp-block-list\">\n<li>Env\u00edo gratuito<\/li>\n\n\n\n<li>Haz tu pedido antes de las 14.30 h para recibirlo el mismo d\u00eda.<\/li>\n<\/ul>\n\t\t\t\t\t\t\t\t<\/div>\n\t\t\t\t<\/div>\n\t\t\t\t<div class=\"elementor-element elementor-element-462878d elementor-widget elementor-widget-button\" data-id=\"462878d\" data-element_type=\"widget\" data-widget_type=\"button.default\">\n\t\t\t\t<div class=\"elementor-widget-container\">\n\t\t\t\t\t\t\t\t\t<div class=\"elementor-button-wrapper\">\n\t\t\t\t\t<a class=\"elementor-button elementor-button-link elementor-size-sm\" href=\"https:\/\/usa.emmirmilano.com\/?add-to-cart=10754&#038;quantity=1\">\n\t\t\t\t\t\t<span class=\"elementor-button-content-wrapper\">\n\t\t\t\t\t\t\t\t\t<span class=\"elementor-button-text\">Haz tu pedido<\/span>\n\t\t\t\t\t<\/span>\n\t\t\t\t\t<\/a>\n\t\t\t\t<\/div>\n\t\t\t\t\t\t\t\t<\/div>\n\t\t\t\t<\/div>\n\t\t\t\t\t<\/div>\n\t\t\t\t<\/div>\n\t\t\t\t<\/div>\n\t\t","protected":false},"excerpt":{"rendered":"<p>Este perfume capta la vibrante energ\u00eda y la rica historia de N\u00e1poles, una apasionante ciudad situada en la costa suroeste de Italia, conocida por su vitalidad, su gastronom\u00eda y su proximidad al monte Vesubio. Esta fragancia evoca la calidez, la intensidad y la autenticidad de la \u00f3pera y la animada vida nocturna que definen a N\u00e1poles.<\/p>\n","protected":false},"featured_media":11551,"template":"","meta":[],"product_brand":[],"product_cat":[147],"product_tag":[],"class_list":{"0":"post-12314","1":"product","2":"type-product","3":"status-publish","4":"has-post-thumbnail","6":"product_cat-aroma-floral-afrutado","8":"first","9":"instock","10":"shipping-taxable","11":"purchasable","12":"product-type-simple"},"_links":{"self":[{"href":"https:\/\/usa.emmirmilano.com\/es\/wp-json\/wp\/v2\/product\/12314","targetHints":{"allow":["GET"]}}],"collection":[{"href":"https:\/\/usa.emmirmilano.com\/es\/wp-json\/wp\/v2\/product"}],"about":[{"href":"https:\/\/usa.emmirmilano.com\/es\/wp-json\/wp\/v2\/types\/product"}],"version-history":[{"count":0,"href":"https:\/\/usa.emmirmilano.com\/es\/wp-json\/wp\/v2\/product\/12314\/revisions"}],"wp:featuredmedia":[{"embeddable":true,"href":"https:\/\/usa.emmirmilano.com\/es\/wp-json\/wp\/v2\/media\/11551"}],"wp:attachment":[{"href":"https:\/\/usa.emmirmilano.com\/es\/wp-json\/wp\/v2\/media?parent=12314"}],"wp:term":[{"taxonomy":"product_brand","embeddable":true,"href":"https:\/\/usa.emmirmilano.com\/es\/wp-json\/wp\/v2\/product_brand?post=12314"},{"taxonomy":"product_cat","embeddable":true,"href":"https:\/\/usa.emmirmilano.com\/es\/wp-json\/wp\/v2\/product_cat?post=12314"},{"taxonomy":"product_tag","embeddable":true,"href":"https:\/\/usa.emmirmilano.com\/es\/wp-json\/wp\/v2\/product_tag?post=12314"}],"curies":[{"name":"wp","href":"https:\/\/api.w.org\/{rel}","templated":true}]}}