{"id":12318,"date":"2025-04-22T21:36:13","date_gmt":"2025-04-22T21:36:13","guid":{"rendered":"https:\/\/usa.emmirmilano.com\/product\/venezia\/"},"modified":"2025-05-13T13:33:06","modified_gmt":"2025-05-13T13:33:06","slug":"venezia","status":"publish","type":"product","link":"https:\/\/usa.emmirmilano.com\/es\/producto\/venezia\/","title":{"rendered":"VENEZIA"},"content":{"rendered":"\t\t<div data-elementor-type=\"product-post\" data-elementor-id=\"12318\" class=\"elementor elementor-12318 elementor-10744\" data-elementor-post-type=\"product\">\n\t\t\t\t<div class=\"elementor-element elementor-element-56cbda55 e-flex e-con-boxed e-con e-parent\" data-id=\"56cbda55\" data-element_type=\"container\">\n\t\t\t\t\t<div class=\"e-con-inner\">\n\t\t\t\t<div class=\"elementor-element elementor-element-627e3499 elementor-widget elementor-widget-text-editor\" data-id=\"627e3499\" data-element_type=\"widget\" data-widget_type=\"text-editor.default\">\n\t\t\t\t<div class=\"elementor-widget-container\">\n\t\t\t\t\t\t\t\t\t\n<p>Venecia refleja los c\u00edtricos atemporales y la dulce magia floral de una ciudad que, sin duda, seguir\u00e1 cautivando con cada viaje por sus fant\u00e1sticos canales.<\/p>\n\n\n\n<p><strong>50 ML<\/strong><\/p>\n\n\n\n<ul class=\"wp-block-list\">\n<li>  Env\u00edo gratuito<\/li>\n\n\n\n<li>Haz tu pedido antes de las 14.30 h para recibirlo el mismo d\u00eda.<\/li>\n<\/ul>\n\t\t\t\t\t\t\t\t<\/div>\n\t\t\t\t<\/div>\n\t\t\t\t\t<\/div>\n\t\t\t\t<\/div>\n\t\t<div class=\"elementor-element elementor-element-e449843 e-flex e-con-boxed e-con e-parent\" data-id=\"e449843\" data-element_type=\"container\">\n\t\t\t\t\t<div class=\"e-con-inner\">\n\t\t\t\t<div class=\"elementor-element elementor-element-66b135f elementor-widget elementor-widget-button\" data-id=\"66b135f\" data-element_type=\"widget\" data-widget_type=\"button.default\">\n\t\t\t\t<div class=\"elementor-widget-container\">\n\t\t\t\t\t\t\t\t\t<div class=\"elementor-button-wrapper\">\n\t\t\t\t\t<a class=\"elementor-button elementor-button-link elementor-size-sm\" href=\"https:\/\/usa.emmirmilano.com\/?add-to-cart=10744&#038;quantity=1\">\n\t\t\t\t\t\t<span class=\"elementor-button-content-wrapper\">\n\t\t\t\t\t\t\t\t\t<span class=\"elementor-button-text\">Haz tu pedido<\/span>\n\t\t\t\t\t<\/span>\n\t\t\t\t\t<\/a>\n\t\t\t\t<\/div>\n\t\t\t\t\t\t\t\t<\/div>\n\t\t\t\t<\/div>\n\t\t\t\t\t<\/div>\n\t\t\t\t<\/div>\n\t\t\t\t<\/div>\n\t\t","protected":false},"excerpt":{"rendered":"<p>Este perfume captura la serenidad m\u00e1gica de Venecia, una ciudad \u00fanica construida sobre el agua, conocida por sus canales llenos de historia y su encanto rom\u00e1ntico. Esta fragancia evoca la elegancia, la tranquilidad y la belleza intemporal que definen la magia de la ciudad.<\/p>\n","protected":false},"featured_media":11653,"template":"","meta":[],"product_brand":[],"product_cat":[149],"product_tag":[],"class_list":{"0":"post-12318","1":"product","2":"type-product","3":"status-publish","4":"has-post-thumbnail","6":"product_cat-floral-con-notas-citricas","8":"first","9":"instock","10":"shipping-taxable","11":"purchasable","12":"product-type-simple"},"_links":{"self":[{"href":"https:\/\/usa.emmirmilano.com\/es\/wp-json\/wp\/v2\/product\/12318","targetHints":{"allow":["GET"]}}],"collection":[{"href":"https:\/\/usa.emmirmilano.com\/es\/wp-json\/wp\/v2\/product"}],"about":[{"href":"https:\/\/usa.emmirmilano.com\/es\/wp-json\/wp\/v2\/types\/product"}],"version-history":[{"count":0,"href":"https:\/\/usa.emmirmilano.com\/es\/wp-json\/wp\/v2\/product\/12318\/revisions"}],"wp:featuredmedia":[{"embeddable":true,"href":"https:\/\/usa.emmirmilano.com\/es\/wp-json\/wp\/v2\/media\/11653"}],"wp:attachment":[{"href":"https:\/\/usa.emmirmilano.com\/es\/wp-json\/wp\/v2\/media?parent=12318"}],"wp:term":[{"taxonomy":"product_brand","embeddable":true,"href":"https:\/\/usa.emmirmilano.com\/es\/wp-json\/wp\/v2\/product_brand?post=12318"},{"taxonomy":"product_cat","embeddable":true,"href":"https:\/\/usa.emmirmilano.com\/es\/wp-json\/wp\/v2\/product_cat?post=12318"},{"taxonomy":"product_tag","embeddable":true,"href":"https:\/\/usa.emmirmilano.com\/es\/wp-json\/wp\/v2\/product_tag?post=12318"}],"curies":[{"name":"wp","href":"https:\/\/api.w.org\/{rel}","templated":true}]}}