{"id":12322,"date":"2025-04-22T21:30:21","date_gmt":"2025-04-22T21:30:21","guid":{"rendered":"https:\/\/usa.emmirmilano.com\/product\/reggio-2\/"},"modified":"2025-05-13T13:34:35","modified_gmt":"2025-05-13T13:34:35","slug":"reggio-2","status":"publish","type":"product","link":"https:\/\/usa.emmirmilano.com\/es\/producto\/reggio-2\/","title":{"rendered":"REGGIO"},"content":{"rendered":"\t\t<div data-elementor-type=\"product-post\" data-elementor-id=\"12322\" class=\"elementor elementor-12322 elementor-10734\" data-elementor-post-type=\"product\">\n\t\t\t\t<div class=\"elementor-element elementor-element-20a845b e-flex e-con-boxed e-con e-parent\" data-id=\"20a845b\" data-element_type=\"container\">\n\t\t\t\t\t<div class=\"e-con-inner\">\n\t\t\t\t<div class=\"elementor-element elementor-element-6bc40c3f elementor-widget elementor-widget-text-editor\" data-id=\"6bc40c3f\" data-element_type=\"widget\" data-widget_type=\"text-editor.default\">\n\t\t\t\t<div class=\"elementor-widget-container\">\n\t\t\t\t\t\t\t\t\t\n<p>Reggio tiene una presencia afrutada y amaderada que refleja la esencia vibrante y en\u00e9rgica de la ciudad que conecta Sicilia con el resto de Italia.<\/p>\n\n\n\n<p><strong>50 ML<\/strong><\/p>\n\n\n\n<ul class=\"wp-block-list\">\n<li>Env\u00edo gratuito<\/li>\n\n\n\n<li>Haz tu pedido antes de las 14.30 h para recibirlo el mismo d\u00eda.<\/li>\n<\/ul>\n\t\t\t\t\t\t\t\t<\/div>\n\t\t\t\t<\/div>\n\t\t\t\t\t<\/div>\n\t\t\t\t<\/div>\n\t\t<div class=\"elementor-element elementor-element-b9f694c e-flex e-con-boxed e-con e-parent\" data-id=\"b9f694c\" data-element_type=\"container\">\n\t\t\t\t\t<div class=\"e-con-inner\">\n\t\t\t\t<div class=\"elementor-element elementor-element-6b7896c elementor-widget elementor-widget-button\" data-id=\"6b7896c\" data-element_type=\"widget\" data-widget_type=\"button.default\">\n\t\t\t\t<div class=\"elementor-widget-container\">\n\t\t\t\t\t\t\t\t\t<div class=\"elementor-button-wrapper\">\n\t\t\t\t\t<a class=\"elementor-button elementor-button-link elementor-size-sm\" href=\"https:\/\/usa.emmirmilano.com\/?add-to-cart=10734&#038;quantity=1\">\n\t\t\t\t\t\t<span class=\"elementor-button-content-wrapper\">\n\t\t\t\t\t\t\t\t\t<span class=\"elementor-button-text\">Haz tu pedido<\/span>\n\t\t\t\t\t<\/span>\n\t\t\t\t\t<\/a>\n\t\t\t\t<\/div>\n\t\t\t\t\t\t\t\t<\/div>\n\t\t\t\t<\/div>\n\t\t\t\t\t<\/div>\n\t\t\t\t<\/div>\n\t\t\t\t<\/div>\n\t\t","protected":false},"excerpt":{"rendered":"<p>Este perfume capta la esencia de Reggio di Calabria, una ciudad situada en el extremo sur de la pen\u00ednsula italiana, en el tal\u00f3n de la bota. Rodeada por el estrecho de Mesina, es una fusi\u00f3n de cultura mediterr\u00e1nea, historia y naturaleza impresionante. Esta fragancia evoca la frescura del mar, la vitalidad de la ciudad y la autenticidad de sus gentes.<\/p>\n","protected":false},"featured_media":11578,"template":"","meta":[],"product_brand":[],"product_cat":[151],"product_tag":[],"class_list":{"0":"post-12322","1":"product","2":"type-product","3":"status-publish","4":"has-post-thumbnail","6":"product_cat-aroma-afrutado-y-amaderado","8":"first","9":"instock","10":"shipping-taxable","11":"purchasable","12":"product-type-simple"},"_links":{"self":[{"href":"https:\/\/usa.emmirmilano.com\/es\/wp-json\/wp\/v2\/product\/12322","targetHints":{"allow":["GET"]}}],"collection":[{"href":"https:\/\/usa.emmirmilano.com\/es\/wp-json\/wp\/v2\/product"}],"about":[{"href":"https:\/\/usa.emmirmilano.com\/es\/wp-json\/wp\/v2\/types\/product"}],"version-history":[{"count":0,"href":"https:\/\/usa.emmirmilano.com\/es\/wp-json\/wp\/v2\/product\/12322\/revisions"}],"wp:featuredmedia":[{"embeddable":true,"href":"https:\/\/usa.emmirmilano.com\/es\/wp-json\/wp\/v2\/media\/11578"}],"wp:attachment":[{"href":"https:\/\/usa.emmirmilano.com\/es\/wp-json\/wp\/v2\/media?parent=12322"}],"wp:term":[{"taxonomy":"product_brand","embeddable":true,"href":"https:\/\/usa.emmirmilano.com\/es\/wp-json\/wp\/v2\/product_brand?post=12322"},{"taxonomy":"product_cat","embeddable":true,"href":"https:\/\/usa.emmirmilano.com\/es\/wp-json\/wp\/v2\/product_cat?post=12322"},{"taxonomy":"product_tag","embeddable":true,"href":"https:\/\/usa.emmirmilano.com\/es\/wp-json\/wp\/v2\/product_tag?post=12322"}],"curies":[{"name":"wp","href":"https:\/\/api.w.org\/{rel}","templated":true}]}}