{"id":12328,"date":"2025-04-22T21:24:48","date_gmt":"2025-04-22T21:24:48","guid":{"rendered":"https:\/\/usa.emmirmilano.com\/product\/milano\/"},"modified":"2025-05-13T13:37:09","modified_gmt":"2025-05-13T13:37:09","slug":"milano","status":"publish","type":"product","link":"https:\/\/usa.emmirmilano.com\/es\/producto\/milano\/","title":{"rendered":"MILANO"},"content":{"rendered":"\t\t<div data-elementor-type=\"product-post\" data-elementor-id=\"12328\" class=\"elementor elementor-12328 elementor-10719\" data-elementor-post-type=\"product\">\n\t\t\t\t<div class=\"elementor-element elementor-element-c241533 e-flex e-con-boxed e-con e-parent\" data-id=\"c241533\" data-element_type=\"container\">\n\t\t\t\t\t<div class=\"e-con-inner\">\n\t\t\t\t<div class=\"elementor-element elementor-element-15cb340d elementor-widget elementor-widget-text-editor\" data-id=\"15cb340d\" data-element_type=\"widget\" data-widget_type=\"text-editor.default\">\n\t\t\t\t<div class=\"elementor-widget-container\">\n\t\t\t\t\t\t\t\t\t\n<p>Milano tiene una presencia floral amaderada y verde que representa un viaje por la moda y el lujo de una de las ciudades m\u00e1s creativamente influyentes del mundo.<\/p>\n\n\n\n<p><strong>50 ML<\/strong><\/p>\n\n\n\n<ul class=\"wp-block-list\">\n<li>Env\u00edo gratuito<\/li>\n\n\n\n<li>Haz tu pedido antes de las 14.30 h para recibirlo el mismo d\u00eda.<\/li>\n<\/ul>\n\n\n\n<p><\/p>\n\t\t\t\t\t\t\t\t<\/div>\n\t\t\t\t<\/div>\n\t\t\t\t\t<\/div>\n\t\t\t\t<\/div>\n\t\t<div class=\"elementor-element elementor-element-c7346cc e-flex e-con-boxed e-con e-parent\" data-id=\"c7346cc\" data-element_type=\"container\">\n\t\t\t\t\t<div class=\"e-con-inner\">\n\t\t\t\t<div class=\"elementor-element elementor-element-582f084 elementor-widget elementor-widget-button\" data-id=\"582f084\" data-element_type=\"widget\" data-widget_type=\"button.default\">\n\t\t\t\t<div class=\"elementor-widget-container\">\n\t\t\t\t\t\t\t\t\t<div class=\"elementor-button-wrapper\">\n\t\t\t\t\t<a class=\"elementor-button elementor-button-link elementor-size-sm\" href=\"https:\/\/usa.emmirmilano.com\/?add-to-cart=10719&#038;quantity=1\">\n\t\t\t\t\t\t<span class=\"elementor-button-content-wrapper\">\n\t\t\t\t\t\t\t\t\t<span class=\"elementor-button-text\">Haz tu pedido<\/span>\n\t\t\t\t\t<\/span>\n\t\t\t\t\t<\/a>\n\t\t\t\t<\/div>\n\t\t\t\t\t\t\t\t<\/div>\n\t\t\t\t<\/div>\n\t\t\t\t\t<\/div>\n\t\t\t\t<\/div>\n\t\t\t\t<\/div>\n\t\t","protected":false},"excerpt":{"rendered":"<p>Este perfume captura la esencia moderna, la sofisticaci\u00f3n y el estilo incomparable de Mil\u00e1n. Representa la fusi\u00f3n de lo cl\u00e1sico y lo vanguardista, reflejando el car\u00e1cter de la ciudad, la moda y la energ\u00eda din\u00e1mica de la ciudad italiana de la moda y el dise\u00f1o.<\/p>\n","protected":false},"featured_media":11540,"template":"","meta":[],"product_brand":[],"product_cat":[152],"product_tag":[],"class_list":{"0":"post-12328","1":"product","2":"type-product","3":"status-publish","4":"has-post-thumbnail","6":"product_cat-aroma-amaderado-y-floral","8":"first","9":"instock","10":"shipping-taxable","11":"purchasable","12":"product-type-simple"},"_links":{"self":[{"href":"https:\/\/usa.emmirmilano.com\/es\/wp-json\/wp\/v2\/product\/12328","targetHints":{"allow":["GET"]}}],"collection":[{"href":"https:\/\/usa.emmirmilano.com\/es\/wp-json\/wp\/v2\/product"}],"about":[{"href":"https:\/\/usa.emmirmilano.com\/es\/wp-json\/wp\/v2\/types\/product"}],"version-history":[{"count":0,"href":"https:\/\/usa.emmirmilano.com\/es\/wp-json\/wp\/v2\/product\/12328\/revisions"}],"wp:featuredmedia":[{"embeddable":true,"href":"https:\/\/usa.emmirmilano.com\/es\/wp-json\/wp\/v2\/media\/11540"}],"wp:attachment":[{"href":"https:\/\/usa.emmirmilano.com\/es\/wp-json\/wp\/v2\/media?parent=12328"}],"wp:term":[{"taxonomy":"product_brand","embeddable":true,"href":"https:\/\/usa.emmirmilano.com\/es\/wp-json\/wp\/v2\/product_brand?post=12328"},{"taxonomy":"product_cat","embeddable":true,"href":"https:\/\/usa.emmirmilano.com\/es\/wp-json\/wp\/v2\/product_cat?post=12328"},{"taxonomy":"product_tag","embeddable":true,"href":"https:\/\/usa.emmirmilano.com\/es\/wp-json\/wp\/v2\/product_tag?post=12328"}],"curies":[{"name":"wp","href":"https:\/\/api.w.org\/{rel}","templated":true}]}}