{"id":12334,"date":"2025-04-22T21:04:24","date_gmt":"2025-04-22T21:04:24","guid":{"rendered":"https:\/\/usa.emmirmilano.com\/product\/genova-2\/"},"modified":"2025-05-13T13:40:44","modified_gmt":"2025-05-13T13:40:44","slug":"genova-2","status":"publish","type":"product","link":"https:\/\/usa.emmirmilano.com\/es\/producto\/genova-2\/","title":{"rendered":"GENOVA"},"content":{"rendered":"\t\t<div data-elementor-type=\"product-post\" data-elementor-id=\"12334\" class=\"elementor elementor-12334 elementor-10700\" data-elementor-post-type=\"product\">\n\t\t\t\t<div class=\"elementor-element elementor-element-54ee6db4 e-flex e-con-boxed e-con e-parent\" data-id=\"54ee6db4\" data-element_type=\"container\">\n\t\t\t\t\t<div class=\"e-con-inner\">\n\t\t\t\t<div class=\"elementor-element elementor-element-5184e2b elementor-widget elementor-widget-text-editor\" data-id=\"5184e2b\" data-element_type=\"widget\" data-widget_type=\"text-editor.default\">\n\t\t\t\t<div class=\"elementor-widget-container\">\n\t\t\t\t\t\t\t\t\t\n<p>G\u00e9nova tiene un encanto afrutado y floral que representa un viaje por la pintoresca costa italiana.<\/p>\n\n\n\n<p><strong>50 ML<\/strong><\/p>\n\n\n\n<ul class=\"wp-block-list\">\n<li>Env\u00edo gratuito<\/li>\n\n\n\n<li>Haz tu pedido antes de las 14.30 h para recibirlo el mismo d\u00eda.<\/li>\n<\/ul>\n\n\n\n<p><\/p>\n\t\t\t\t\t\t\t\t<\/div>\n\t\t\t\t<\/div>\n\t\t\t\t\t<\/div>\n\t\t\t\t<\/div>\n\t\t<div class=\"elementor-element elementor-element-fa26a06 e-flex e-con-boxed e-con e-parent\" data-id=\"fa26a06\" data-element_type=\"container\">\n\t\t\t\t\t<div class=\"e-con-inner\">\n\t\t\t\t<div class=\"elementor-element elementor-element-241a448 elementor-widget elementor-widget-button\" data-id=\"241a448\" data-element_type=\"widget\" data-widget_type=\"button.default\">\n\t\t\t\t<div class=\"elementor-widget-container\">\n\t\t\t\t\t\t\t\t\t<div class=\"elementor-button-wrapper\">\n\t\t\t\t\t<a class=\"elementor-button elementor-button-link elementor-size-sm\" href=\"https:\/\/usa.emmirmilano.com\/?add-to-cart=10700&#038;quantity=1\">\n\t\t\t\t\t\t<span class=\"elementor-button-content-wrapper\">\n\t\t\t\t\t\t\t\t\t<span class=\"elementor-button-text\">Haz tu pedido<\/span>\n\t\t\t\t\t<\/span>\n\t\t\t\t\t<\/a>\n\t\t\t\t<\/div>\n\t\t\t\t\t\t\t\t<\/div>\n\t\t\t\t<\/div>\n\t\t\t\t\t<\/div>\n\t\t\t\t<\/div>\n\t\t\t\t<\/div>\n\t\t","protected":false},"excerpt":{"rendered":"<p>Se trata de un perfume que encarna la esencia de G\u00e9nova, una ciudad situada en el Mediterr\u00e1neo, donde la brisa salada se funde con el car\u00e1cter mar\u00edtimo del puerto. Esta fragancia evoca la frescura del mar, la elegancia de la navegaci\u00f3n y la historia que fluye a trav\u00e9s de las olas.<\/p>\n","protected":false},"featured_media":11529,"template":"","meta":[],"product_brand":[],"product_cat":[147],"product_tag":[],"class_list":{"0":"post-12334","1":"product","2":"type-product","3":"status-publish","4":"has-post-thumbnail","6":"product_cat-aroma-floral-afrutado","8":"first","9":"instock","10":"shipping-taxable","11":"purchasable","12":"product-type-simple"},"_links":{"self":[{"href":"https:\/\/usa.emmirmilano.com\/es\/wp-json\/wp\/v2\/product\/12334","targetHints":{"allow":["GET"]}}],"collection":[{"href":"https:\/\/usa.emmirmilano.com\/es\/wp-json\/wp\/v2\/product"}],"about":[{"href":"https:\/\/usa.emmirmilano.com\/es\/wp-json\/wp\/v2\/types\/product"}],"version-history":[{"count":0,"href":"https:\/\/usa.emmirmilano.com\/es\/wp-json\/wp\/v2\/product\/12334\/revisions"}],"wp:featuredmedia":[{"embeddable":true,"href":"https:\/\/usa.emmirmilano.com\/es\/wp-json\/wp\/v2\/media\/11529"}],"wp:attachment":[{"href":"https:\/\/usa.emmirmilano.com\/es\/wp-json\/wp\/v2\/media?parent=12334"}],"wp:term":[{"taxonomy":"product_brand","embeddable":true,"href":"https:\/\/usa.emmirmilano.com\/es\/wp-json\/wp\/v2\/product_brand?post=12334"},{"taxonomy":"product_cat","embeddable":true,"href":"https:\/\/usa.emmirmilano.com\/es\/wp-json\/wp\/v2\/product_cat?post=12334"},{"taxonomy":"product_tag","embeddable":true,"href":"https:\/\/usa.emmirmilano.com\/es\/wp-json\/wp\/v2\/product_tag?post=12334"}],"curies":[{"name":"wp","href":"https:\/\/api.w.org\/{rel}","templated":true}]}}