{"id":12641,"date":"2025-04-22T21:39:40","date_gmt":"2025-04-22T21:39:40","guid":{"rendered":"https:\/\/usa.emmirmilano.com\/product\/napoli\/"},"modified":"2025-06-09T23:52:34","modified_gmt":"2025-06-09T23:52:34","slug":"napoli","status":"publish","type":"product","link":"https:\/\/usa.emmirmilano.com\/it\/prodotto\/napoli\/","title":{"rendered":"NAPOLI"},"content":{"rendered":"\t\t<div data-elementor-type=\"product-post\" data-elementor-id=\"12641\" class=\"elementor elementor-12641 elementor-10754\" data-elementor-post-type=\"product\">\n\t\t\t\t<div class=\"elementor-element elementor-element-327aca24 e-flex e-con-boxed e-con e-parent\" data-id=\"327aca24\" data-element_type=\"container\">\n\t\t\t\t\t<div class=\"e-con-inner\">\n\t\t\t\t<div class=\"elementor-element elementor-element-3e6f6d0d elementor-widget elementor-widget-text-editor\" data-id=\"3e6f6d0d\" data-element_type=\"widget\" data-widget_type=\"text-editor.default\">\n\t\t\t\t<div class=\"elementor-widget-container\">\n\t\t\t\t\t\t\t\t\t\n<p>Napoli ha una personalit\u00e0 fruttata e floreale che simboleggia l&#8217;essenza confortante ed energica della citt\u00e0.<\/p>\n\n\n\n<p>50 ML<\/p>\n\n\n\n<ul class=\"wp-block-list\">\n<li>Spedizione gratuita<\/li>\n\n\n\n<li>Ordina entro le 14:30 per la consegna in giornata.<\/li>\n<\/ul>\n\t\t\t\t\t\t\t\t<\/div>\n\t\t\t\t<\/div>\n\t\t\t\t<div class=\"elementor-element elementor-element-462878d elementor-widget elementor-widget-button\" data-id=\"462878d\" data-element_type=\"widget\" data-widget_type=\"button.default\">\n\t\t\t\t<div class=\"elementor-widget-container\">\n\t\t\t\t\t\t\t\t\t<div class=\"elementor-button-wrapper\">\n\t\t\t\t\t<a class=\"elementor-button elementor-button-link elementor-size-sm\" href=\"https:\/\/usa.emmirmilano.com\/?add-to-cart=10754&#038;quantity=1\">\n\t\t\t\t\t\t<span class=\"elementor-button-content-wrapper\">\n\t\t\t\t\t\t\t\t\t<span class=\"elementor-button-text\">Ordina ora<\/span>\n\t\t\t\t\t<\/span>\n\t\t\t\t\t<\/a>\n\t\t\t\t<\/div>\n\t\t\t\t\t\t\t\t<\/div>\n\t\t\t\t<\/div>\n\t\t\t\t\t<\/div>\n\t\t\t\t<\/div>\n\t\t\t\t<\/div>\n\t\t","protected":false},"excerpt":{"rendered":"<p>Questo profumo cattura la vibrante energia e la ricca storia di Napoli, un \u201cappassionata citt\u00e0 situata sulla costa sud-occidentale dell\u201d Italia, nota per la sua vitalit\u00e0, il cibo e la vicinanza al Vesuvio. Questa fragranza evoca il calore, l&#8217;intensit\u00e0 e l&#8217;autenticit\u00e0 dell&#8217;opera e della vivace vita notturna che caratterizzano Napoli.<\/p>\n","protected":false},"featured_media":11550,"template":"","meta":[],"product_brand":[],"product_cat":[162],"product_tag":[],"class_list":{"0":"post-12641","1":"product","2":"type-product","3":"status-publish","4":"has-post-thumbnail","6":"product_cat-fruity-floral-scent-it","8":"first","9":"instock","10":"shipping-taxable","11":"purchasable","12":"product-type-simple"},"_links":{"self":[{"href":"https:\/\/usa.emmirmilano.com\/it\/wp-json\/wp\/v2\/product\/12641","targetHints":{"allow":["GET"]}}],"collection":[{"href":"https:\/\/usa.emmirmilano.com\/it\/wp-json\/wp\/v2\/product"}],"about":[{"href":"https:\/\/usa.emmirmilano.com\/it\/wp-json\/wp\/v2\/types\/product"}],"version-history":[{"count":0,"href":"https:\/\/usa.emmirmilano.com\/it\/wp-json\/wp\/v2\/product\/12641\/revisions"}],"wp:featuredmedia":[{"embeddable":true,"href":"https:\/\/usa.emmirmilano.com\/it\/wp-json\/wp\/v2\/media\/11550"}],"wp:attachment":[{"href":"https:\/\/usa.emmirmilano.com\/it\/wp-json\/wp\/v2\/media?parent=12641"}],"wp:term":[{"taxonomy":"product_brand","embeddable":true,"href":"https:\/\/usa.emmirmilano.com\/it\/wp-json\/wp\/v2\/product_brand?post=12641"},{"taxonomy":"product_cat","embeddable":true,"href":"https:\/\/usa.emmirmilano.com\/it\/wp-json\/wp\/v2\/product_cat?post=12641"},{"taxonomy":"product_tag","embeddable":true,"href":"https:\/\/usa.emmirmilano.com\/it\/wp-json\/wp\/v2\/product_tag?post=12641"}],"curies":[{"name":"wp","href":"https:\/\/api.w.org\/{rel}","templated":true}]}}