{"id":12649,"date":"2025-04-22T21:30:21","date_gmt":"2025-04-22T21:30:21","guid":{"rendered":"https:\/\/usa.emmirmilano.com\/product\/reggio\/"},"modified":"2025-06-09T23:55:46","modified_gmt":"2025-06-09T23:55:46","slug":"reggio","status":"publish","type":"product","link":"https:\/\/usa.emmirmilano.com\/it\/prodotto\/reggio\/","title":{"rendered":"REGGIO"},"content":{"rendered":"\t\t<div data-elementor-type=\"product-post\" data-elementor-id=\"12649\" class=\"elementor elementor-12649 elementor-10734\" data-elementor-post-type=\"product\">\n\t\t\t\t<div class=\"elementor-element elementor-element-20a845b e-flex e-con-boxed e-con e-parent\" data-id=\"20a845b\" data-element_type=\"container\">\n\t\t\t\t\t<div class=\"e-con-inner\">\n\t\t\t\t<div class=\"elementor-element elementor-element-6bc40c3f elementor-widget elementor-widget-text-editor\" data-id=\"6bc40c3f\" data-element_type=\"widget\" data-widget_type=\"text-editor.default\">\n\t\t\t\t<div class=\"elementor-widget-container\">\n\t\t\t\t\t\t\t\t\t\n<p>Reggio ha una presenza fruttata e legnosa che riflette l&#8217;essenza vibrante ed energica della citt\u00e0 che collega la Sicilia al resto d&#8217;Italia.<\/p>\n\n\n\n<p><strong>50 ML<\/strong><\/p>\n\n\n\n<ul class=\"wp-block-list\">\n<li>Spedizione gratuita<\/li>\n\n\n\n<li>Ordina entro le 14:30 per la consegna in giornata.<\/li>\n<\/ul>\n\t\t\t\t\t\t\t\t<\/div>\n\t\t\t\t<\/div>\n\t\t\t\t\t<\/div>\n\t\t\t\t<\/div>\n\t\t<div class=\"elementor-element elementor-element-b9f694c e-flex e-con-boxed e-con e-parent\" data-id=\"b9f694c\" data-element_type=\"container\">\n\t\t\t\t\t<div class=\"e-con-inner\">\n\t\t\t\t<div class=\"elementor-element elementor-element-6b7896c elementor-widget elementor-widget-button\" data-id=\"6b7896c\" data-element_type=\"widget\" data-widget_type=\"button.default\">\n\t\t\t\t<div class=\"elementor-widget-container\">\n\t\t\t\t\t\t\t\t\t<div class=\"elementor-button-wrapper\">\n\t\t\t\t\t<a class=\"elementor-button elementor-button-link elementor-size-sm\" href=\"https:\/\/usa.emmirmilano.com\/?add-to-cart=10734&#038;quantity=1\">\n\t\t\t\t\t\t<span class=\"elementor-button-content-wrapper\">\n\t\t\t\t\t\t\t\t\t<span class=\"elementor-button-text\">Ordina ora<\/span>\n\t\t\t\t\t<\/span>\n\t\t\t\t\t<\/a>\n\t\t\t\t<\/div>\n\t\t\t\t\t\t\t\t<\/div>\n\t\t\t\t<\/div>\n\t\t\t\t\t<\/div>\n\t\t\t\t<\/div>\n\t\t\t\t<\/div>\n\t\t","protected":false},"excerpt":{"rendered":"<p>Questo profumo cattura l&#8217;essenza di Reggio Calabria, una citt\u00e0 situata all&#8217;estremit\u00e0 meridionale della penisola italiana, nel tallone dello stivale. Circondata dallo Stretto di Messina, \u00e8 una fusione di cultura mediterranea, storia e natura mozzafiato. Questa fragranza evoca la freschezza del mare, la vitalit\u00e0 della citt\u00e0 e l&#8217;autenticit\u00e0 della sua gente.<\/p>\n","protected":false},"featured_media":11577,"template":"","meta":[],"product_brand":[],"product_cat":[159],"product_tag":[],"class_list":{"0":"post-12649","1":"product","2":"type-product","3":"status-publish","4":"has-post-thumbnail","6":"product_cat-fruity-and-woody-scent-it","8":"first","9":"instock","10":"shipping-taxable","11":"purchasable","12":"product-type-simple"},"_links":{"self":[{"href":"https:\/\/usa.emmirmilano.com\/it\/wp-json\/wp\/v2\/product\/12649","targetHints":{"allow":["GET"]}}],"collection":[{"href":"https:\/\/usa.emmirmilano.com\/it\/wp-json\/wp\/v2\/product"}],"about":[{"href":"https:\/\/usa.emmirmilano.com\/it\/wp-json\/wp\/v2\/types\/product"}],"version-history":[{"count":0,"href":"https:\/\/usa.emmirmilano.com\/it\/wp-json\/wp\/v2\/product\/12649\/revisions"}],"wp:featuredmedia":[{"embeddable":true,"href":"https:\/\/usa.emmirmilano.com\/it\/wp-json\/wp\/v2\/media\/11577"}],"wp:attachment":[{"href":"https:\/\/usa.emmirmilano.com\/it\/wp-json\/wp\/v2\/media?parent=12649"}],"wp:term":[{"taxonomy":"product_brand","embeddable":true,"href":"https:\/\/usa.emmirmilano.com\/it\/wp-json\/wp\/v2\/product_brand?post=12649"},{"taxonomy":"product_cat","embeddable":true,"href":"https:\/\/usa.emmirmilano.com\/it\/wp-json\/wp\/v2\/product_cat?post=12649"},{"taxonomy":"product_tag","embeddable":true,"href":"https:\/\/usa.emmirmilano.com\/it\/wp-json\/wp\/v2\/product_tag?post=12649"}],"curies":[{"name":"wp","href":"https:\/\/api.w.org\/{rel}","templated":true}]}}