{"id":12659,"date":"2025-04-22T21:16:32","date_gmt":"2025-04-22T21:16:32","guid":{"rendered":"https:\/\/usa.emmirmilano.com\/product\/di-parma\/"},"modified":"2025-06-10T00:04:24","modified_gmt":"2025-06-10T00:04:24","slug":"di-parma","status":"publish","type":"product","link":"https:\/\/usa.emmirmilano.com\/it\/prodotto\/di-parma\/","title":{"rendered":"DI PARMA"},"content":{"rendered":"\t\t<div data-elementor-type=\"product-post\" data-elementor-id=\"12659\" class=\"elementor elementor-12659 elementor-10709\" data-elementor-post-type=\"product\">\n\t\t\t\t<div class=\"elementor-element elementor-element-4bc94533 e-flex e-con-boxed e-con e-parent\" data-id=\"4bc94533\" data-element_type=\"container\">\n\t\t\t\t\t<div class=\"e-con-inner\">\n\t\t\t\t<div class=\"elementor-element elementor-element-f7fb33 elementor-widget elementor-widget-text-editor\" data-id=\"f7fb33\" data-element_type=\"widget\" data-widget_type=\"text-editor.default\">\n\t\t\t\t<div class=\"elementor-widget-container\">\n\t\t\t\t\t\t\t\t\t\n<p>Di Parma \u00e8 elegante con influenze legnose e floreali che trasmettono la personalit\u00e0 accogliente della citt\u00e0.<\/p>\n\n\n\n<p><strong>50 ML <\/strong><\/p>\n\n\n\n<ul class=\"wp-block-list\">\n<li>Spedizione gratuita<\/li>\n\n\n\n<li>Ordina entro le 14:30 per la consegna in giornata.<\/li>\n<\/ul>\n\t\t\t\t\t\t\t\t<\/div>\n\t\t\t\t<\/div>\n\t\t\t\t\t<\/div>\n\t\t\t\t<\/div>\n\t\t<div class=\"elementor-element elementor-element-8dd4441 e-flex e-con-boxed e-con e-parent\" data-id=\"8dd4441\" data-element_type=\"container\">\n\t\t\t\t\t<div class=\"e-con-inner\">\n\t\t\t\t<div class=\"elementor-element elementor-element-3a5c260 elementor-widget elementor-widget-button\" data-id=\"3a5c260\" data-element_type=\"widget\" data-widget_type=\"button.default\">\n\t\t\t\t<div class=\"elementor-widget-container\">\n\t\t\t\t\t\t\t\t\t<div class=\"elementor-button-wrapper\">\n\t\t\t\t\t<a class=\"elementor-button elementor-button-link elementor-size-sm\" href=\"https:\/\/usa.emmirmilano.com\/?add-to-cart=10709&#038;quantity=1\">\n\t\t\t\t\t\t<span class=\"elementor-button-content-wrapper\">\n\t\t\t\t\t\t\t\t\t<span class=\"elementor-button-text\">Ordina ora<\/span>\n\t\t\t\t\t<\/span>\n\t\t\t\t\t<\/a>\n\t\t\t\t<\/div>\n\t\t\t\t\t\t\t\t<\/div>\n\t\t\t\t<\/div>\n\t\t\t\t\t<\/div>\n\t\t\t\t<\/div>\n\t\t\t\t<\/div>\n\t\t","protected":false},"excerpt":{"rendered":"<p>Questo profumo cattura la luce e l&#8217;essenza di Parma, un&#8217;affascinante citt\u00e0 della regione Emilia-Romagna, nota per il suo ricco patrimonio culinario, la musica e l&#8217;eleganza. Questa fragranza evoca la freschezza, l\u2019autenticit\u00e0 e la grazia che definiscono la citt\u00e0. \u00c8 un omaggio alla pittoresca citt\u00e0 che ha donato al mondo uno stile di vita caloroso e accogliente.<\/p>\n","protected":false},"featured_media":11496,"template":"","meta":[],"product_brand":[],"product_cat":[166],"product_tag":[],"class_list":{"0":"post-12659","1":"product","2":"type-product","3":"status-publish","4":"has-post-thumbnail","6":"product_cat-fragranza-legnosa-e-floreale","8":"first","9":"instock","10":"shipping-taxable","11":"purchasable","12":"product-type-simple"},"_links":{"self":[{"href":"https:\/\/usa.emmirmilano.com\/it\/wp-json\/wp\/v2\/product\/12659","targetHints":{"allow":["GET"]}}],"collection":[{"href":"https:\/\/usa.emmirmilano.com\/it\/wp-json\/wp\/v2\/product"}],"about":[{"href":"https:\/\/usa.emmirmilano.com\/it\/wp-json\/wp\/v2\/types\/product"}],"version-history":[{"count":0,"href":"https:\/\/usa.emmirmilano.com\/it\/wp-json\/wp\/v2\/product\/12659\/revisions"}],"wp:featuredmedia":[{"embeddable":true,"href":"https:\/\/usa.emmirmilano.com\/it\/wp-json\/wp\/v2\/media\/11496"}],"wp:attachment":[{"href":"https:\/\/usa.emmirmilano.com\/it\/wp-json\/wp\/v2\/media?parent=12659"}],"wp:term":[{"taxonomy":"product_brand","embeddable":true,"href":"https:\/\/usa.emmirmilano.com\/it\/wp-json\/wp\/v2\/product_brand?post=12659"},{"taxonomy":"product_cat","embeddable":true,"href":"https:\/\/usa.emmirmilano.com\/it\/wp-json\/wp\/v2\/product_cat?post=12659"},{"taxonomy":"product_tag","embeddable":true,"href":"https:\/\/usa.emmirmilano.com\/it\/wp-json\/wp\/v2\/product_tag?post=12659"}],"curies":[{"name":"wp","href":"https:\/\/api.w.org\/{rel}","templated":true}]}}